{"id":1933,"date":"2026-04-15T13:39:37","date_gmt":"2026-04-15T11:39:37","guid":{"rendered":"https:\/\/lavita-lab.com\/o-nas"},"modified":"2026-04-21T15:04:50","modified_gmt":"2026-04-21T13:04:50","slug":"o-nas","status":"publish","type":"page","link":"https:\/\/lavita-lab.com\/sl\/o-nas","title":{"rendered":"O nas"},"content":{"rendered":"\t\t<div data-elementor-type=\"wp-page\" data-elementor-id=\"1933\" class=\"elementor elementor-1933 elementor-1784\">\n\t\t\t\t<div class=\"elementor-element elementor-element-59fadb32 e-flex e-con-boxed e-con e-parent\" data-id=\"59fadb32\" data-element_type=\"container\" data-e-type=\"container\">\n\t\t\t\t\t<div class=\"e-con-inner\">\n\t\t<div class=\"elementor-element elementor-element-88fc671 e-con-full e-flex e-con e-child\" data-id=\"88fc671\" data-element_type=\"container\" data-e-type=\"container\">\n\t\t<div class=\"elementor-element elementor-element-475833e4 e-con-full e-flex e-con e-child\" data-id=\"475833e4\" data-element_type=\"container\" data-e-type=\"container\">\n\t\t\t\t<div class=\"elementor-element elementor-element-4df348f2 elementor-widget elementor-widget-heading\" data-id=\"4df348f2\" data-element_type=\"widget\" data-e-type=\"widget\" data-widget_type=\"heading.default\">\n\t\t\t\t\t<p class=\"elementor-heading-title elementor-size-default\">Na kratko o nas<\/p>\t\t\t\t<\/div>\n\t\t\t\t<div class=\"elementor-element elementor-element-5c7bbc46 elementor-widget__width-inherit elementor-widget elementor-widget-heading\" data-id=\"5c7bbc46\" data-element_type=\"widget\" data-e-type=\"widget\" data-widget_type=\"heading.default\">\n\t\t\t\t\t<h4 class=\"elementor-heading-title elementor-size-default\">LaVita Lab<\/h4>\t\t\t\t<\/div>\n\t\t\t\t<div class=\"elementor-element elementor-element-7a56d056 elementor-widget elementor-widget-spacer\" data-id=\"7a56d056\" data-element_type=\"widget\" data-e-type=\"widget\" data-widget_type=\"spacer.default\">\n\t\t\t\t\t\t\t<div class=\"elementor-spacer\">\n\t\t\t<div class=\"elementor-spacer-inner\"><\/div>\n\t\t<\/div>\n\t\t\t\t\t\t<\/div>\n\t\t\t\t<div class=\"elementor-element elementor-element-5fc6c98 elementor-widget elementor-widget-text-editor\" data-id=\"5fc6c98\" data-element_type=\"widget\" data-e-type=\"widget\" data-widget_type=\"text-editor.default\">\n\t\t\t\t\t\t\t\t\t<p>LaVita Lab je sodobna blagovna znamka, ki se ukvarja z razvojem funkcionalnih, znanstveno oblikovanih pija\u010d in prehranskih dopolnil, ki podpirajo dobro po\u010dutje in uravnote\u017een \u017eivljenjski slog.<\/p><p>Na\u0161e formulacije temeljijo na visoko kakovostnih sestavinah, premi\u0161ljeno kombiniranih hranilih in spo\u0161tljivem odnosu do telesa. Verjamemo, da zdravje ni le cilj, temve\u010d na\u010din vsakdanjega \u017eivljenja \u2013 od izbire pija\u010de do tega, da si vzamete trenutek zase.<\/p><p>LaVita Lab se osredoto\u010da na kakovost, preprostost in zavestno \u017eivljenje, zato ljudem pribli\u017euje bolj zdrave izbire ter spodbuja bolj\u0161e po\u010dutje, energijo in ravnovesje vsak dan.<\/p>\t\t\t\t\t\t\t\t<\/div>\n\t\t\t\t<\/div>\n\t\t\t\t<div class=\"elementor-element elementor-element-dac3c93 elementor-widget__width-initial elementor-widget elementor-widget-tg-iconbox\" data-id=\"dac3c93\" data-element_type=\"widget\" data-e-type=\"widget\" data-widget_type=\"tg-iconbox.default\">\n\t\t\t\t<div class=\"elementor-widget-container\">\n\t\t\t\t\t\r\n\r\n        \r\n            <div class=\"contact-box\">\r\n                <div class=\"contact-icon\">\r\n                    \r\n                                            <svg aria-hidden=\"true\" class=\"e-font-icon-svg e-far-building\" viewBox=\"0 0 448 512\" xmlns=\"http:\/\/www.w3.org\/2000\/svg\"><path d=\"M128 148v-40c0-6.6 5.4-12 12-12h40c6.6 0 12 5.4 12 12v40c0 6.6-5.4 12-12 12h-40c-6.6 0-12-5.4-12-12zm140 12h40c6.6 0 12-5.4 12-12v-40c0-6.6-5.4-12-12-12h-40c-6.6 0-12 5.4-12 12v40c0 6.6 5.4 12 12 12zm-128 96h40c6.6 0 12-5.4 12-12v-40c0-6.6-5.4-12-12-12h-40c-6.6 0-12 5.4-12 12v40c0 6.6 5.4 12 12 12zm128 0h40c6.6 0 12-5.4 12-12v-40c0-6.6-5.4-12-12-12h-40c-6.6 0-12 5.4-12 12v40c0 6.6 5.4 12 12 12zm-76 84v-40c0-6.6-5.4-12-12-12h-40c-6.6 0-12 5.4-12 12v40c0 6.6 5.4 12 12 12h40c6.6 0 12-5.4 12-12zm76 12h40c6.6 0 12-5.4 12-12v-40c0-6.6-5.4-12-12-12h-40c-6.6 0-12 5.4-12 12v40c0 6.6 5.4 12 12 12zm180 124v36H0v-36c0-6.6 5.4-12 12-12h19.5V24c0-13.3 10.7-24 24-24h337c13.3 0 24 10.7 24 24v440H436c6.6 0 12 5.4 12 12zM79.5 463H192v-67c0-6.6 5.4-12 12-12h40c6.6 0 12 5.4 12 12v67h112.5V49L80 48l-.5 415z\"><\/path><\/svg>                                    <\/div>\r\n                <div class=\"contact-content\">\r\n                                            <h5 class=\"title\">\r\n                                                            Fortix d.o.o.                                                    <\/h5>\r\n                                                                <p class=\"contact-desc\">Moste 92h\n<br>1218 Komenda\n<br>Slovenija\n<br><br>ID za DDV: SI12699730\n<br>Mati\u010dna. \u0161t.: 7389604000<\/p>\r\n                                    <\/div>\r\n            <\/div>\r\n\r\n        \r\n\t\t\t\t<\/div>\n\t\t\t\t<\/div>\n\t\t\t\t<\/div>\n\t\t\t\t\t<\/div>\n\t\t\t\t<\/div>\n\t\t\t\t<\/div>\n\t\t","protected":false},"excerpt":{"rendered":"<p>Na kratko o nas LaVita Lab LaVita Lab je sodobna blagovna znamka, ki se ukvarja z razvojem funkcionalnih, znanstveno oblikovanih pija\u010d in prehranskih dopolnil, ki podpirajo dobro po\u010dutje in uravnote\u017een \u017eivljenjski slog. Na\u0161e formulacije temeljijo na visoko kakovostnih sestavinah, premi\u0161ljeno kombiniranih hranilih in spo\u0161tljivem odnosu do telesa. Verjamemo, da zdravje ni le cilj, temve\u010d na\u010din [&hellip;]<\/p>\n","protected":false},"author":1,"featured_media":0,"parent":0,"menu_order":0,"comment_status":"closed","ping_status":"closed","template":"elementor_header_footer","meta":{"_acf_changed":false,"footnotes":""},"class_list":["post-1933","page","type-page","status-publish","hentry"],"acf":[],"yoast_head":"<!-- This site is optimized with the Yoast SEO plugin v27.4 - https:\/\/yoast.com\/product\/yoast-seo-wordpress\/ -->\n<title>O nas &#8226; LaVita Lab<\/title>\n<meta name=\"description\" content=\"LaVita Lab ustvarja okusne in funkcionalne napitke ter prehranske dodatke, ki podpirajo vsakodnevno dobro po\u010dutje in uravnote\u017eeno \u017eivljenje.\" \/>\n<meta name=\"robots\" content=\"index, follow, max-snippet:-1, max-image-preview:large, max-video-preview:-1\" \/>\n<link rel=\"canonical\" href=\"https:\/\/lavita-lab.com\/sl\/o-nas\" \/>\n<meta property=\"og:locale\" content=\"sl_SI\" \/>\n<meta property=\"og:type\" content=\"article\" \/>\n<meta property=\"og:title\" content=\"O nas &#8226; LaVita Lab\" \/>\n<meta property=\"og:description\" content=\"LaVita Lab ustvarja okusne in funkcionalne napitke ter prehranske dodatke, ki podpirajo vsakodnevno dobro po\u010dutje in uravnote\u017eeno \u017eivljenje.\" \/>\n<meta property=\"og:url\" content=\"https:\/\/lavita-lab.com\/sl\/o-nas\" \/>\n<meta property=\"og:site_name\" content=\"LaVita Lab\" \/>\n<meta property=\"article:modified_time\" content=\"2026-04-21T13:04:50+00:00\" \/>\n<meta property=\"og:image\" content=\"https:\/\/lavita-lab.com\/wp-content\/uploads\/2026\/04\/lavita-lab-site-image.png\" \/>\n\t<meta property=\"og:image:width\" content=\"1200\" \/>\n\t<meta property=\"og:image:height\" content=\"675\" \/>\n\t<meta property=\"og:image:type\" content=\"image\/png\" \/>\n<meta name=\"twitter:card\" content=\"summary_large_image\" \/>\n<meta name=\"twitter:label1\" content=\"Est. reading time\" \/>\n\t<meta name=\"twitter:data1\" content=\"1 minuta\" \/>\n<script type=\"application\/ld+json\" class=\"yoast-schema-graph\">{\"@context\":\"https:\\\/\\\/schema.org\",\"@graph\":[{\"@type\":\"WebPage\",\"@id\":\"https:\\\/\\\/lavita-lab.com\\\/sl\\\/o-nas\",\"url\":\"https:\\\/\\\/lavita-lab.com\\\/sl\\\/o-nas\",\"name\":\"O nas &#8226; LaVita Lab\",\"isPartOf\":{\"@id\":\"https:\\\/\\\/lavita-lab.com\\\/sl#website\"},\"datePublished\":\"2026-04-15T11:39:37+00:00\",\"dateModified\":\"2026-04-21T13:04:50+00:00\",\"description\":\"LaVita Lab ustvarja okusne in funkcionalne napitke ter prehranske dodatke, ki podpirajo vsakodnevno dobro po\u010dutje in uravnote\u017eeno \u017eivljenje.\",\"breadcrumb\":{\"@id\":\"https:\\\/\\\/lavita-lab.com\\\/sl\\\/o-nas#breadcrumb\"},\"inLanguage\":\"sl-SI\",\"potentialAction\":[{\"@type\":\"ReadAction\",\"target\":[\"https:\\\/\\\/lavita-lab.com\\\/sl\\\/o-nas\"]}]},{\"@type\":\"BreadcrumbList\",\"@id\":\"https:\\\/\\\/lavita-lab.com\\\/sl\\\/o-nas#breadcrumb\",\"itemListElement\":[{\"@type\":\"ListItem\",\"position\":1,\"name\":\"Home\",\"item\":\"https:\\\/\\\/lavita-lab.com\\\/sl\"},{\"@type\":\"ListItem\",\"position\":2,\"name\":\"O nas\"}]},{\"@type\":\"WebSite\",\"@id\":\"https:\\\/\\\/lavita-lab.com\\\/sl#website\",\"url\":\"https:\\\/\\\/lavita-lab.com\\\/sl\",\"name\":\"LaVita Lab\",\"description\":\"\",\"publisher\":{\"@id\":\"https:\\\/\\\/lavita-lab.com\\\/sl#organization\"},\"potentialAction\":[{\"@type\":\"SearchAction\",\"target\":{\"@type\":\"EntryPoint\",\"urlTemplate\":\"https:\\\/\\\/lavita-lab.com\\\/sl?s={search_term_string}\"},\"query-input\":{\"@type\":\"PropertyValueSpecification\",\"valueRequired\":true,\"valueName\":\"search_term_string\"}}],\"inLanguage\":\"sl-SI\"},{\"@type\":\"Organization\",\"@id\":\"https:\\\/\\\/lavita-lab.com\\\/sl#organization\",\"name\":\"LaVita Lab\",\"url\":\"https:\\\/\\\/lavita-lab.com\\\/sl\",\"logo\":{\"@type\":\"ImageObject\",\"inLanguage\":\"sl-SI\",\"@id\":\"https:\\\/\\\/lavita-lab.com\\\/sl#\\\/schema\\\/logo\\\/image\\\/\",\"url\":\"https:\\\/\\\/lavita-lab.com\\\/wp-content\\\/uploads\\\/2026\\\/04\\\/lavita-lab-organization-logo.png\",\"contentUrl\":\"https:\\\/\\\/lavita-lab.com\\\/wp-content\\\/uploads\\\/2026\\\/04\\\/lavita-lab-organization-logo.png\",\"width\":512,\"height\":512,\"caption\":\"LaVita Lab\"},\"image\":{\"@id\":\"https:\\\/\\\/lavita-lab.com\\\/sl#\\\/schema\\\/logo\\\/image\\\/\"}}]}<\/script>\n<!-- \/ Yoast SEO plugin. -->","yoast_head_json":{"title":"O nas &#8226; LaVita Lab","description":"LaVita Lab ustvarja okusne in funkcionalne napitke ter prehranske dodatke, ki podpirajo vsakodnevno dobro po\u010dutje in uravnote\u017eeno \u017eivljenje.","robots":{"index":"index","follow":"follow","max-snippet":"max-snippet:-1","max-image-preview":"max-image-preview:large","max-video-preview":"max-video-preview:-1"},"canonical":"https:\/\/lavita-lab.com\/sl\/o-nas","og_locale":"sl_SI","og_type":"article","og_title":"O nas &#8226; LaVita Lab","og_description":"LaVita Lab ustvarja okusne in funkcionalne napitke ter prehranske dodatke, ki podpirajo vsakodnevno dobro po\u010dutje in uravnote\u017eeno \u017eivljenje.","og_url":"https:\/\/lavita-lab.com\/sl\/o-nas","og_site_name":"LaVita Lab","article_modified_time":"2026-04-21T13:04:50+00:00","og_image":[{"width":1200,"height":675,"url":"https:\/\/lavita-lab.com\/wp-content\/uploads\/2026\/04\/lavita-lab-site-image.png","type":"image\/png"}],"twitter_card":"summary_large_image","twitter_misc":{"Est. reading time":"1 minuta"},"schema":{"@context":"https:\/\/schema.org","@graph":[{"@type":"WebPage","@id":"https:\/\/lavita-lab.com\/sl\/o-nas","url":"https:\/\/lavita-lab.com\/sl\/o-nas","name":"O nas &#8226; LaVita Lab","isPartOf":{"@id":"https:\/\/lavita-lab.com\/sl#website"},"datePublished":"2026-04-15T11:39:37+00:00","dateModified":"2026-04-21T13:04:50+00:00","description":"LaVita Lab ustvarja okusne in funkcionalne napitke ter prehranske dodatke, ki podpirajo vsakodnevno dobro po\u010dutje in uravnote\u017eeno \u017eivljenje.","breadcrumb":{"@id":"https:\/\/lavita-lab.com\/sl\/o-nas#breadcrumb"},"inLanguage":"sl-SI","potentialAction":[{"@type":"ReadAction","target":["https:\/\/lavita-lab.com\/sl\/o-nas"]}]},{"@type":"BreadcrumbList","@id":"https:\/\/lavita-lab.com\/sl\/o-nas#breadcrumb","itemListElement":[{"@type":"ListItem","position":1,"name":"Home","item":"https:\/\/lavita-lab.com\/sl"},{"@type":"ListItem","position":2,"name":"O nas"}]},{"@type":"WebSite","@id":"https:\/\/lavita-lab.com\/sl#website","url":"https:\/\/lavita-lab.com\/sl","name":"LaVita Lab","description":"","publisher":{"@id":"https:\/\/lavita-lab.com\/sl#organization"},"potentialAction":[{"@type":"SearchAction","target":{"@type":"EntryPoint","urlTemplate":"https:\/\/lavita-lab.com\/sl?s={search_term_string}"},"query-input":{"@type":"PropertyValueSpecification","valueRequired":true,"valueName":"search_term_string"}}],"inLanguage":"sl-SI"},{"@type":"Organization","@id":"https:\/\/lavita-lab.com\/sl#organization","name":"LaVita Lab","url":"https:\/\/lavita-lab.com\/sl","logo":{"@type":"ImageObject","inLanguage":"sl-SI","@id":"https:\/\/lavita-lab.com\/sl#\/schema\/logo\/image\/","url":"https:\/\/lavita-lab.com\/wp-content\/uploads\/2026\/04\/lavita-lab-organization-logo.png","contentUrl":"https:\/\/lavita-lab.com\/wp-content\/uploads\/2026\/04\/lavita-lab-organization-logo.png","width":512,"height":512,"caption":"LaVita Lab"},"image":{"@id":"https:\/\/lavita-lab.com\/sl#\/schema\/logo\/image\/"}}]}},"_links":{"self":[{"href":"https:\/\/lavita-lab.com\/sl\/wp-json\/wp\/v2\/pages\/1933","targetHints":{"allow":["GET"]}}],"collection":[{"href":"https:\/\/lavita-lab.com\/sl\/wp-json\/wp\/v2\/pages"}],"about":[{"href":"https:\/\/lavita-lab.com\/sl\/wp-json\/wp\/v2\/types\/page"}],"author":[{"embeddable":true,"href":"https:\/\/lavita-lab.com\/sl\/wp-json\/wp\/v2\/users\/1"}],"replies":[{"embeddable":true,"href":"https:\/\/lavita-lab.com\/sl\/wp-json\/wp\/v2\/comments?post=1933"}],"version-history":[{"count":5,"href":"https:\/\/lavita-lab.com\/sl\/wp-json\/wp\/v2\/pages\/1933\/revisions"}],"predecessor-version":[{"id":2120,"href":"https:\/\/lavita-lab.com\/sl\/wp-json\/wp\/v2\/pages\/1933\/revisions\/2120"}],"wp:attachment":[{"href":"https:\/\/lavita-lab.com\/sl\/wp-json\/wp\/v2\/media?parent=1933"}],"curies":[{"name":"wp","href":"https:\/\/api.w.org\/{rel}","templated":true}]}}