{"id":1924,"date":"2025-10-09T10:34:11","date_gmt":"2025-10-09T08:34:11","guid":{"rendered":"https:\/\/lavita-lab.com\/pisite-na"},"modified":"2026-04-22T09:48:44","modified_gmt":"2026-04-22T07:48:44","slug":"kontakt","status":"publish","type":"page","link":"https:\/\/lavita-lab.com\/sl\/kontakt","title":{"rendered":"Kontakt"},"content":{"rendered":"\t\t<div data-elementor-type=\"wp-page\" data-elementor-id=\"1924\" class=\"elementor elementor-1924 elementor-313\">\n\t\t\t\t<div class=\"elementor-element elementor-element-f613f8c e-flex e-con-boxed e-con e-parent\" data-id=\"f613f8c\" data-element_type=\"container\" data-e-type=\"container\">\n\t\t\t\t\t<div class=\"e-con-inner\">\n\t\t<div class=\"elementor-element elementor-element-971d62f e-con-full e-flex e-con e-child\" data-id=\"971d62f\" data-element_type=\"container\" data-e-type=\"container\">\n\t\t\t\t<div class=\"elementor-element elementor-element-93a1a5f elementor-widget__width-initial elementor-widget elementor-widget-tg-iconbox\" data-id=\"93a1a5f\" data-element_type=\"widget\" data-e-type=\"widget\" data-widget_type=\"tg-iconbox.default\">\n\t\t\t\t<div class=\"elementor-widget-container\">\n\t\t\t\t\t\r\n\r\n        \r\n            <div class=\"contact-box\">\r\n                <div class=\"contact-icon\">\r\n                    \r\n                                            <svg aria-hidden=\"true\" class=\"e-font-icon-svg e-far-envelope\" viewBox=\"0 0 512 512\" xmlns=\"http:\/\/www.w3.org\/2000\/svg\"><path d=\"M464 64H48C21.49 64 0 85.49 0 112v288c0 26.51 21.49 48 48 48h416c26.51 0 48-21.49 48-48V112c0-26.51-21.49-48-48-48zm0 48v40.805c-22.422 18.259-58.168 46.651-134.587 106.49-16.841 13.247-50.201 45.072-73.413 44.701-23.208.375-56.579-31.459-73.413-44.701C106.18 199.465 70.425 171.067 48 152.805V112h416zM48 400V214.398c22.914 18.251 55.409 43.862 104.938 82.646 21.857 17.205 60.134 55.186 103.062 54.955 42.717.231 80.509-37.199 103.053-54.947 49.528-38.783 82.032-64.401 104.947-82.653V400H48z\"><\/path><\/svg>                                    <\/div>\r\n                <div class=\"contact-content\">\r\n                                            <h5 class=\"title\">\r\n                                                            E-naslov\r\n                                                    <\/h5>\r\n                                                                <p class=\"contact-desc\"><a href=\"mailto:sales@lavita-lab.com\">sales@lavita-lab.com<\/a><\/p>\r\n                                    <\/div>\r\n            <\/div>\r\n\r\n        \r\n\t\t\t\t<\/div>\n\t\t\t\t<\/div>\n\t\t\t\t<div class=\"elementor-element elementor-element-22bd2dd elementor-widget__width-initial elementor-widget elementor-widget-tg-iconbox\" data-id=\"22bd2dd\" data-element_type=\"widget\" data-e-type=\"widget\" data-widget_type=\"tg-iconbox.default\">\n\t\t\t\t<div class=\"elementor-widget-container\">\n\t\t\t\t\t\r\n\r\n        \r\n            <div class=\"contact-box\">\r\n                <div class=\"contact-icon\">\r\n                    \r\n                                            <svg aria-hidden=\"true\" class=\"e-font-icon-svg e-fas-phone\" viewBox=\"0 0 512 512\" xmlns=\"http:\/\/www.w3.org\/2000\/svg\"><path d=\"M493.4 24.6l-104-24c-11.3-2.6-22.9 3.3-27.5 13.9l-48 112c-4.2 9.8-1.4 21.3 6.9 28l60.6 49.6c-36 76.7-98.9 140.5-177.2 177.2l-49.6-60.6c-6.8-8.3-18.2-11.1-28-6.9l-112 48C3.9 366.5-2 378.1.6 389.4l24 104C27.1 504.2 36.7 512 48 512c256.1 0 464-207.5 464-464 0-11.2-7.7-20.9-18.6-23.4z\"><\/path><\/svg>                                    <\/div>\r\n                <div class=\"contact-content\">\r\n                                            <h5 class=\"title\">\r\n                                                            Telefon\r\n                                                    <\/h5>\r\n                                                                <p class=\"contact-desc\"><a href=\"tel:+38670555356\">+386 70 555 356<\/a><\/p>\r\n                                    <\/div>\r\n            <\/div>\r\n\r\n        \r\n\t\t\t\t<\/div>\n\t\t\t\t<\/div>\n\t\t\t\t<\/div>\n\t\t\t\t\t<\/div>\n\t\t\t\t<\/div>\n\t\t<div class=\"elementor-element elementor-element-ec5f897 e-flex e-con-boxed e-con e-parent\" data-id=\"ec5f897\" data-element_type=\"container\" data-e-type=\"container\">\n\t\t\t\t\t<div class=\"e-con-inner\">\n\t\t<div class=\"elementor-element elementor-element-3c3b84d e-con-full e-flex e-con e-child\" data-id=\"3c3b84d\" data-element_type=\"container\" data-e-type=\"container\">\n\t\t\t\t<div class=\"elementor-element elementor-element-f2ac17b elementor-widget elementor-widget-heading\" data-id=\"f2ac17b\" data-element_type=\"widget\" data-e-type=\"widget\" data-widget_type=\"heading.default\">\n\t\t\t\t\t<p class=\"elementor-heading-title elementor-size-default\">Po\u0161ljite nam sporo\u010dilo<\/p>\t\t\t\t<\/div>\n\t\t\t\t<div class=\"elementor-element elementor-element-13525f9 elementor-widget__width-inherit elementor-widget elementor-widget-heading\" data-id=\"13525f9\" data-element_type=\"widget\" data-e-type=\"widget\" data-widget_type=\"heading.default\">\n\t\t\t\t\t<h4 class=\"elementor-heading-title elementor-size-default\">Imate vpra\u0161anje?<\/h4>\t\t\t\t<\/div>\n\t\t\t\t<div class=\"elementor-element elementor-element-2a370ca elementor-widget elementor-widget-spacer\" data-id=\"2a370ca\" data-element_type=\"widget\" data-e-type=\"widget\" data-widget_type=\"spacer.default\">\n\t\t\t\t\t\t\t<div class=\"elementor-spacer\">\n\t\t\t<div class=\"elementor-spacer-inner\"><\/div>\n\t\t<\/div>\n\t\t\t\t\t\t<\/div>\n\t\t\t\t<div class=\"elementor-element elementor-element-d7e22ad elementor-widget elementor-widget-tg-contact-form\" data-id=\"d7e22ad\" data-element_type=\"widget\" data-e-type=\"widget\" data-widget_type=\"tg-contact-form.default\">\n\t\t\t\t<div class=\"elementor-widget-container\">\n\t\t\t\t\t\r\n                    \n<div class=\"wpcf7 no-js\" id=\"wpcf7-f1872-o1\" lang=\"sl-SI\" dir=\"ltr\" data-wpcf7-id=\"1872\">\n<div class=\"screen-reader-response\"><p role=\"status\" aria-live=\"polite\" aria-atomic=\"true\"><\/p> <ul><\/ul><\/div>\n<form action=\"\/sl\/wp-json\/wp\/v2\/pages\/1924#wpcf7-f1872-o1\" method=\"post\" class=\"wpcf7-form init\" aria-label=\"Kontaktni obrazec\" novalidate=\"novalidate\" data-status=\"init\">\n<fieldset class=\"hidden-fields-container\"><input type=\"hidden\" name=\"_wpcf7\" value=\"1872\" \/><input type=\"hidden\" name=\"_wpcf7_version\" value=\"6.1.5\" \/><input type=\"hidden\" name=\"_wpcf7_locale\" value=\"sl_SI\" \/><input type=\"hidden\" name=\"_wpcf7_unit_tag\" value=\"wpcf7-f1872-o1\" \/><input type=\"hidden\" name=\"_wpcf7_container_post\" value=\"0\" \/><input type=\"hidden\" name=\"_wpcf7_posted_data_hash\" value=\"\" \/><input type=\"hidden\" name=\"_wpcf7_recaptcha_response\" value=\"\" \/>\n<\/fieldset>\n<div class=\"contact-form\">\n    <div class=\"row\">\n        <div class=\"col-md-6\">\n            <div class=\"form-grp\">\n                <label for=\"full-name\">Ime in priimek<\/label>\n <span class=\"wpcf7-form-control-wrap\" data-name=\"your-name\"><input size=\"40\" maxlength=\"400\" class=\"wpcf7-form-control wpcf7-text wpcf7-validates-as-required\" id=\"full-name\" aria-required=\"true\" aria-invalid=\"false\" placeholder=\"Vpi\u0161ite tukaj\" value=\"\" type=\"text\" name=\"your-name\" \/><\/span>\n            <\/div>\n        <\/div>\n\n        <div class=\"col-md-6\">\n            <div class=\"form-grp\">\n                <label for=\"email\">E-po\u0161tni naslov<\/label>\n <span class=\"wpcf7-form-control-wrap\" data-name=\"your-email\"><input size=\"40\" maxlength=\"400\" class=\"wpcf7-form-control wpcf7-email wpcf7-validates-as-required wpcf7-text wpcf7-validates-as-email\" id=\"email\" aria-required=\"true\" aria-invalid=\"false\" placeholder=\"Vpi\u0161ite tukaj\" value=\"\" type=\"email\" name=\"your-email\" \/><\/span>\n            <\/div>\n        <\/div>\n    <\/div>\n\n    <div class=\"form-grp\">\n        <label for=\"your-subject\">Vrsta poizvedbe<\/label>\n<span class=\"wpcf7-form-control-wrap\" data-name=\"your-subject\"><select class=\"wpcf7-form-control wpcf7-select wpcf7-validates-as-required form-select\" id=\"your-subject\" aria-required=\"true\" aria-invalid=\"false\" name=\"your-subject\"><option value=\"Splo\u0161no vpra\u0161anje\">Splo\u0161no vpra\u0161anje<\/option><option value=\"Povpra\u0161evanje za maloprodajo\">Povpra\u0161evanje za maloprodajo<\/option><option value=\"Povpra\u0161evanje za veleprodajo\">Povpra\u0161evanje za veleprodajo<\/option><\/select><\/span>\n    <\/div>\n\n    <div class=\"form-grp\">\n        <label for=\"message\">Sporo\u010dilo<\/label>\n        <span class=\"wpcf7-form-control-wrap\" data-name=\"your-message\"><textarea cols=\"40\" rows=\"10\" maxlength=\"2000\" class=\"wpcf7-form-control wpcf7-textarea\" id=\"message\" aria-invalid=\"false\" placeholder=\"Vnesite tukaj\" name=\"your-message\"><\/textarea><\/span>\n    <\/div>\n    <div class=\"form-btn\">\n        <input class=\"wpcf7-form-control wpcf7-submit has-spinner btn\" type=\"submit\" value=\"Po\u0161lji\" \/>\n    <\/div>\n<\/div><div class=\"wpcf7-response-output\" aria-hidden=\"true\"><\/div>\n<\/form>\n<\/div>\n        \t\t\t\t<\/div>\n\t\t\t\t<\/div>\n\t\t\t\t<\/div>\n\t\t\t\t\t<\/div>\n\t\t\t\t<\/div>\n\t\t\t\t<\/div>\n\t\t","protected":false},"excerpt":{"rendered":"<p>&nbsp; E-naslov sales@lavita-lab.com &nbsp; Telefon +386 70 555 356 Po\u0161ljite nam sporo\u010dilo Imate vpra\u0161anje? Ime in priimek E-po\u0161tni naslov Vrsta poizvedbe Splo\u0161no vpra\u0161anjePovpra\u0161evanje za maloprodajoPovpra\u0161evanje za veleprodajo Sporo\u010dilo<\/p>\n","protected":false},"author":1,"featured_media":0,"parent":0,"menu_order":0,"comment_status":"closed","ping_status":"closed","template":"elementor_header_footer","meta":{"_acf_changed":false,"footnotes":""},"class_list":["post-1924","page","type-page","status-publish","hentry"],"acf":[],"yoast_head":"<!-- This site is optimized with the Yoast SEO plugin v27.4 - https:\/\/yoast.com\/product\/yoast-seo-wordpress\/ -->\n<title>Kontaktirajte nas &#8226; LaVita Lab<\/title>\n<meta name=\"description\" content=\"Za vpra\u0161anja o izdelkih, pomo\u010d pri naro\u010dilu ali splo\u0161na vpra\u0161anja o magnezijevih napitkih in dodatkih stopite v stik z ekipo LaVita Lab.\" \/>\n<meta name=\"robots\" content=\"index, follow, max-snippet:-1, max-image-preview:large, max-video-preview:-1\" \/>\n<link rel=\"canonical\" href=\"https:\/\/lavita-lab.com\/sl\/kontakt\" \/>\n<meta property=\"og:locale\" content=\"sl_SI\" \/>\n<meta property=\"og:type\" content=\"article\" \/>\n<meta property=\"og:title\" content=\"Kontaktirajte nas &#8226; LaVita Lab\" \/>\n<meta property=\"og:description\" content=\"Za vpra\u0161anja o izdelkih, pomo\u010d pri naro\u010dilu ali splo\u0161na vpra\u0161anja o magnezijevih napitkih in dodatkih stopite v stik z ekipo LaVita Lab.\" \/>\n<meta property=\"og:url\" content=\"https:\/\/lavita-lab.com\/sl\/kontakt\" \/>\n<meta property=\"og:site_name\" content=\"LaVita Lab\" \/>\n<meta property=\"article:modified_time\" content=\"2026-04-22T07:48:44+00:00\" \/>\n<meta property=\"og:image\" content=\"https:\/\/lavita-lab.com\/wp-content\/uploads\/2026\/04\/lavita-lab-site-image.png\" \/>\n\t<meta property=\"og:image:width\" content=\"1200\" \/>\n\t<meta property=\"og:image:height\" content=\"675\" \/>\n\t<meta property=\"og:image:type\" content=\"image\/png\" \/>\n<meta name=\"twitter:card\" content=\"summary_large_image\" \/>\n<script type=\"application\/ld+json\" class=\"yoast-schema-graph\">{\"@context\":\"https:\\\/\\\/schema.org\",\"@graph\":[{\"@type\":\"WebPage\",\"@id\":\"https:\\\/\\\/lavita-lab.com\\\/sl\\\/kontakt\",\"url\":\"https:\\\/\\\/lavita-lab.com\\\/sl\\\/kontakt\",\"name\":\"Kontaktirajte nas &#8226; LaVita Lab\",\"isPartOf\":{\"@id\":\"https:\\\/\\\/lavita-lab.com\\\/sl#website\"},\"datePublished\":\"2025-10-09T08:34:11+00:00\",\"dateModified\":\"2026-04-22T07:48:44+00:00\",\"description\":\"Za vpra\u0161anja o izdelkih, pomo\u010d pri naro\u010dilu ali splo\u0161na vpra\u0161anja o magnezijevih napitkih in dodatkih stopite v stik z ekipo LaVita Lab.\",\"breadcrumb\":{\"@id\":\"https:\\\/\\\/lavita-lab.com\\\/sl\\\/kontakt#breadcrumb\"},\"inLanguage\":\"sl-SI\",\"potentialAction\":[{\"@type\":\"ReadAction\",\"target\":[\"https:\\\/\\\/lavita-lab.com\\\/sl\\\/kontakt\"]}]},{\"@type\":\"BreadcrumbList\",\"@id\":\"https:\\\/\\\/lavita-lab.com\\\/sl\\\/kontakt#breadcrumb\",\"itemListElement\":[{\"@type\":\"ListItem\",\"position\":1,\"name\":\"Home\",\"item\":\"https:\\\/\\\/lavita-lab.com\\\/sl\"},{\"@type\":\"ListItem\",\"position\":2,\"name\":\"Kontakt\"}]},{\"@type\":\"WebSite\",\"@id\":\"https:\\\/\\\/lavita-lab.com\\\/sl#website\",\"url\":\"https:\\\/\\\/lavita-lab.com\\\/sl\",\"name\":\"LaVita Lab\",\"description\":\"\",\"publisher\":{\"@id\":\"https:\\\/\\\/lavita-lab.com\\\/sl#organization\"},\"potentialAction\":[{\"@type\":\"SearchAction\",\"target\":{\"@type\":\"EntryPoint\",\"urlTemplate\":\"https:\\\/\\\/lavita-lab.com\\\/sl?s={search_term_string}\"},\"query-input\":{\"@type\":\"PropertyValueSpecification\",\"valueRequired\":true,\"valueName\":\"search_term_string\"}}],\"inLanguage\":\"sl-SI\"},{\"@type\":\"Organization\",\"@id\":\"https:\\\/\\\/lavita-lab.com\\\/sl#organization\",\"name\":\"LaVita Lab\",\"url\":\"https:\\\/\\\/lavita-lab.com\\\/sl\",\"logo\":{\"@type\":\"ImageObject\",\"inLanguage\":\"sl-SI\",\"@id\":\"https:\\\/\\\/lavita-lab.com\\\/sl#\\\/schema\\\/logo\\\/image\\\/\",\"url\":\"https:\\\/\\\/lavita-lab.com\\\/wp-content\\\/uploads\\\/2026\\\/04\\\/lavita-lab-organization-logo.png\",\"contentUrl\":\"https:\\\/\\\/lavita-lab.com\\\/wp-content\\\/uploads\\\/2026\\\/04\\\/lavita-lab-organization-logo.png\",\"width\":512,\"height\":512,\"caption\":\"LaVita Lab\"},\"image\":{\"@id\":\"https:\\\/\\\/lavita-lab.com\\\/sl#\\\/schema\\\/logo\\\/image\\\/\"}}]}<\/script>\n<!-- \/ Yoast SEO plugin. -->","yoast_head_json":{"title":"Kontaktirajte nas &#8226; LaVita Lab","description":"Za vpra\u0161anja o izdelkih, pomo\u010d pri naro\u010dilu ali splo\u0161na vpra\u0161anja o magnezijevih napitkih in dodatkih stopite v stik z ekipo LaVita Lab.","robots":{"index":"index","follow":"follow","max-snippet":"max-snippet:-1","max-image-preview":"max-image-preview:large","max-video-preview":"max-video-preview:-1"},"canonical":"https:\/\/lavita-lab.com\/sl\/kontakt","og_locale":"sl_SI","og_type":"article","og_title":"Kontaktirajte nas &#8226; LaVita Lab","og_description":"Za vpra\u0161anja o izdelkih, pomo\u010d pri naro\u010dilu ali splo\u0161na vpra\u0161anja o magnezijevih napitkih in dodatkih stopite v stik z ekipo LaVita Lab.","og_url":"https:\/\/lavita-lab.com\/sl\/kontakt","og_site_name":"LaVita Lab","article_modified_time":"2026-04-22T07:48:44+00:00","og_image":[{"width":1200,"height":675,"url":"https:\/\/lavita-lab.com\/wp-content\/uploads\/2026\/04\/lavita-lab-site-image.png","type":"image\/png"}],"twitter_card":"summary_large_image","schema":{"@context":"https:\/\/schema.org","@graph":[{"@type":"WebPage","@id":"https:\/\/lavita-lab.com\/sl\/kontakt","url":"https:\/\/lavita-lab.com\/sl\/kontakt","name":"Kontaktirajte nas &#8226; LaVita Lab","isPartOf":{"@id":"https:\/\/lavita-lab.com\/sl#website"},"datePublished":"2025-10-09T08:34:11+00:00","dateModified":"2026-04-22T07:48:44+00:00","description":"Za vpra\u0161anja o izdelkih, pomo\u010d pri naro\u010dilu ali splo\u0161na vpra\u0161anja o magnezijevih napitkih in dodatkih stopite v stik z ekipo LaVita Lab.","breadcrumb":{"@id":"https:\/\/lavita-lab.com\/sl\/kontakt#breadcrumb"},"inLanguage":"sl-SI","potentialAction":[{"@type":"ReadAction","target":["https:\/\/lavita-lab.com\/sl\/kontakt"]}]},{"@type":"BreadcrumbList","@id":"https:\/\/lavita-lab.com\/sl\/kontakt#breadcrumb","itemListElement":[{"@type":"ListItem","position":1,"name":"Home","item":"https:\/\/lavita-lab.com\/sl"},{"@type":"ListItem","position":2,"name":"Kontakt"}]},{"@type":"WebSite","@id":"https:\/\/lavita-lab.com\/sl#website","url":"https:\/\/lavita-lab.com\/sl","name":"LaVita Lab","description":"","publisher":{"@id":"https:\/\/lavita-lab.com\/sl#organization"},"potentialAction":[{"@type":"SearchAction","target":{"@type":"EntryPoint","urlTemplate":"https:\/\/lavita-lab.com\/sl?s={search_term_string}"},"query-input":{"@type":"PropertyValueSpecification","valueRequired":true,"valueName":"search_term_string"}}],"inLanguage":"sl-SI"},{"@type":"Organization","@id":"https:\/\/lavita-lab.com\/sl#organization","name":"LaVita Lab","url":"https:\/\/lavita-lab.com\/sl","logo":{"@type":"ImageObject","inLanguage":"sl-SI","@id":"https:\/\/lavita-lab.com\/sl#\/schema\/logo\/image\/","url":"https:\/\/lavita-lab.com\/wp-content\/uploads\/2026\/04\/lavita-lab-organization-logo.png","contentUrl":"https:\/\/lavita-lab.com\/wp-content\/uploads\/2026\/04\/lavita-lab-organization-logo.png","width":512,"height":512,"caption":"LaVita Lab"},"image":{"@id":"https:\/\/lavita-lab.com\/sl#\/schema\/logo\/image\/"}}]}},"_links":{"self":[{"href":"https:\/\/lavita-lab.com\/sl\/wp-json\/wp\/v2\/pages\/1924","targetHints":{"allow":["GET"]}}],"collection":[{"href":"https:\/\/lavita-lab.com\/sl\/wp-json\/wp\/v2\/pages"}],"about":[{"href":"https:\/\/lavita-lab.com\/sl\/wp-json\/wp\/v2\/types\/page"}],"author":[{"embeddable":true,"href":"https:\/\/lavita-lab.com\/sl\/wp-json\/wp\/v2\/users\/1"}],"replies":[{"embeddable":true,"href":"https:\/\/lavita-lab.com\/sl\/wp-json\/wp\/v2\/comments?post=1924"}],"version-history":[{"count":8,"href":"https:\/\/lavita-lab.com\/sl\/wp-json\/wp\/v2\/pages\/1924\/revisions"}],"predecessor-version":[{"id":2160,"href":"https:\/\/lavita-lab.com\/sl\/wp-json\/wp\/v2\/pages\/1924\/revisions\/2160"}],"wp:attachment":[{"href":"https:\/\/lavita-lab.com\/sl\/wp-json\/wp\/v2\/media?parent=1924"}],"curies":[{"name":"wp","href":"https:\/\/api.w.org\/{rel}","templated":true}]}}