{"id":1866,"date":"2025-10-16T10:42:25","date_gmt":"2025-10-16T08:42:25","guid":{"rendered":"https:\/\/lavita-lab.com\/moj-racun"},"modified":"2026-04-22T09:46:36","modified_gmt":"2026-04-22T07:46:36","slug":"moj-racun","status":"publish","type":"page","link":"https:\/\/lavita-lab.com\/sl\/moj-racun","title":{"rendered":"Moj ra\u010dun"},"content":{"rendered":"<div class=\"woocommerce\"><\/div>\n","protected":false},"excerpt":{"rendered":"","protected":false},"author":1,"featured_media":0,"parent":0,"menu_order":0,"comment_status":"closed","ping_status":"closed","template":"","meta":{"_acf_changed":false,"footnotes":""},"class_list":["post-1866","page","type-page","status-publish","hentry"],"acf":[],"yoast_head":"<!-- This site is optimized with the Yoast SEO plugin v27.4 - https:\/\/yoast.com\/product\/yoast-seo-wordpress\/ -->\n<title>Moj ra\u010dun &#8226; LaVita Lab<\/title>\n<meta name=\"description\" content=\"Upravljajte svoj ra\u010dun, preglejte naro\u010dila, posodobite podatke in spremljajte dostavo. Vse na enem mestu za hiter in enostaven nakup.\" \/>\n<meta name=\"robots\" content=\"noindex, nofollow\" \/>\n<meta property=\"og:locale\" content=\"sl_SI\" \/>\n<meta property=\"og:type\" content=\"article\" \/>\n<meta property=\"og:title\" content=\"Moj ra\u010dun &#8226; LaVita Lab\" \/>\n<meta property=\"og:description\" content=\"Upravljajte svoj ra\u010dun, preglejte naro\u010dila, posodobite podatke in spremljajte dostavo. Vse na enem mestu za hiter in enostaven nakup.\" \/>\n<meta property=\"og:url\" content=\"https:\/\/lavita-lab.com\/sl\/moj-racun\" \/>\n<meta property=\"og:site_name\" content=\"LaVita Lab\" \/>\n<meta property=\"article:modified_time\" content=\"2026-04-22T07:46:36+00:00\" \/>\n<meta property=\"og:image\" content=\"https:\/\/lavita-lab.com\/wp-content\/uploads\/2026\/04\/lavita-lab-site-image.png\" \/>\n\t<meta property=\"og:image:width\" content=\"1200\" \/>\n\t<meta property=\"og:image:height\" content=\"675\" \/>\n\t<meta property=\"og:image:type\" content=\"image\/png\" \/>\n<meta name=\"twitter:card\" content=\"summary_large_image\" \/>\n<script type=\"application\/ld+json\" class=\"yoast-schema-graph\">{\"@context\":\"https:\\\/\\\/schema.org\",\"@graph\":[{\"@type\":\"WebPage\",\"@id\":\"https:\\\/\\\/lavita-lab.com\\\/sl\\\/moj-racun\",\"url\":\"https:\\\/\\\/lavita-lab.com\\\/sl\\\/moj-racun\",\"name\":\"Moj ra\u010dun &#8226; LaVita Lab\",\"isPartOf\":{\"@id\":\"https:\\\/\\\/lavita-lab.com\\\/sl#website\"},\"datePublished\":\"2025-10-16T08:42:25+00:00\",\"dateModified\":\"2026-04-22T07:46:36+00:00\",\"description\":\"Upravljajte svoj ra\u010dun, preglejte naro\u010dila, posodobite podatke in spremljajte dostavo. Vse na enem mestu za hiter in enostaven nakup.\",\"breadcrumb\":{\"@id\":\"https:\\\/\\\/lavita-lab.com\\\/sl\\\/moj-racun#breadcrumb\"},\"inLanguage\":\"sl-SI\",\"potentialAction\":[{\"@type\":\"ReadAction\",\"target\":[\"https:\\\/\\\/lavita-lab.com\\\/sl\\\/moj-racun\"]}]},{\"@type\":\"BreadcrumbList\",\"@id\":\"https:\\\/\\\/lavita-lab.com\\\/sl\\\/moj-racun#breadcrumb\",\"itemListElement\":[{\"@type\":\"ListItem\",\"position\":1,\"name\":\"Home\",\"item\":\"https:\\\/\\\/lavita-lab.com\\\/sl\"},{\"@type\":\"ListItem\",\"position\":2,\"name\":\"Moj ra\u010dun\"}]},{\"@type\":\"WebSite\",\"@id\":\"https:\\\/\\\/lavita-lab.com\\\/sl#website\",\"url\":\"https:\\\/\\\/lavita-lab.com\\\/sl\",\"name\":\"LaVita Lab\",\"description\":\"\",\"publisher\":{\"@id\":\"https:\\\/\\\/lavita-lab.com\\\/sl#organization\"},\"potentialAction\":[{\"@type\":\"SearchAction\",\"target\":{\"@type\":\"EntryPoint\",\"urlTemplate\":\"https:\\\/\\\/lavita-lab.com\\\/sl?s={search_term_string}\"},\"query-input\":{\"@type\":\"PropertyValueSpecification\",\"valueRequired\":true,\"valueName\":\"search_term_string\"}}],\"inLanguage\":\"sl-SI\"},{\"@type\":\"Organization\",\"@id\":\"https:\\\/\\\/lavita-lab.com\\\/sl#organization\",\"name\":\"LaVita Lab\",\"url\":\"https:\\\/\\\/lavita-lab.com\\\/sl\",\"logo\":{\"@type\":\"ImageObject\",\"inLanguage\":\"sl-SI\",\"@id\":\"https:\\\/\\\/lavita-lab.com\\\/sl#\\\/schema\\\/logo\\\/image\\\/\",\"url\":\"https:\\\/\\\/lavita-lab.com\\\/wp-content\\\/uploads\\\/2026\\\/04\\\/lavita-lab-organization-logo.png\",\"contentUrl\":\"https:\\\/\\\/lavita-lab.com\\\/wp-content\\\/uploads\\\/2026\\\/04\\\/lavita-lab-organization-logo.png\",\"width\":512,\"height\":512,\"caption\":\"LaVita Lab\"},\"image\":{\"@id\":\"https:\\\/\\\/lavita-lab.com\\\/sl#\\\/schema\\\/logo\\\/image\\\/\"}}]}<\/script>\n<!-- \/ Yoast SEO plugin. -->","yoast_head_json":{"title":"Moj ra\u010dun &#8226; LaVita Lab","description":"Upravljajte svoj ra\u010dun, preglejte naro\u010dila, posodobite podatke in spremljajte dostavo. Vse na enem mestu za hiter in enostaven nakup.","robots":{"index":"noindex","follow":"nofollow"},"og_locale":"sl_SI","og_type":"article","og_title":"Moj ra\u010dun &#8226; LaVita Lab","og_description":"Upravljajte svoj ra\u010dun, preglejte naro\u010dila, posodobite podatke in spremljajte dostavo. Vse na enem mestu za hiter in enostaven nakup.","og_url":"https:\/\/lavita-lab.com\/sl\/moj-racun","og_site_name":"LaVita Lab","article_modified_time":"2026-04-22T07:46:36+00:00","og_image":[{"width":1200,"height":675,"url":"https:\/\/lavita-lab.com\/wp-content\/uploads\/2026\/04\/lavita-lab-site-image.png","type":"image\/png"}],"twitter_card":"summary_large_image","schema":{"@context":"https:\/\/schema.org","@graph":[{"@type":"WebPage","@id":"https:\/\/lavita-lab.com\/sl\/moj-racun","url":"https:\/\/lavita-lab.com\/sl\/moj-racun","name":"Moj ra\u010dun &#8226; LaVita Lab","isPartOf":{"@id":"https:\/\/lavita-lab.com\/sl#website"},"datePublished":"2025-10-16T08:42:25+00:00","dateModified":"2026-04-22T07:46:36+00:00","description":"Upravljajte svoj ra\u010dun, preglejte naro\u010dila, posodobite podatke in spremljajte dostavo. Vse na enem mestu za hiter in enostaven nakup.","breadcrumb":{"@id":"https:\/\/lavita-lab.com\/sl\/moj-racun#breadcrumb"},"inLanguage":"sl-SI","potentialAction":[{"@type":"ReadAction","target":["https:\/\/lavita-lab.com\/sl\/moj-racun"]}]},{"@type":"BreadcrumbList","@id":"https:\/\/lavita-lab.com\/sl\/moj-racun#breadcrumb","itemListElement":[{"@type":"ListItem","position":1,"name":"Home","item":"https:\/\/lavita-lab.com\/sl"},{"@type":"ListItem","position":2,"name":"Moj ra\u010dun"}]},{"@type":"WebSite","@id":"https:\/\/lavita-lab.com\/sl#website","url":"https:\/\/lavita-lab.com\/sl","name":"LaVita Lab","description":"","publisher":{"@id":"https:\/\/lavita-lab.com\/sl#organization"},"potentialAction":[{"@type":"SearchAction","target":{"@type":"EntryPoint","urlTemplate":"https:\/\/lavita-lab.com\/sl?s={search_term_string}"},"query-input":{"@type":"PropertyValueSpecification","valueRequired":true,"valueName":"search_term_string"}}],"inLanguage":"sl-SI"},{"@type":"Organization","@id":"https:\/\/lavita-lab.com\/sl#organization","name":"LaVita Lab","url":"https:\/\/lavita-lab.com\/sl","logo":{"@type":"ImageObject","inLanguage":"sl-SI","@id":"https:\/\/lavita-lab.com\/sl#\/schema\/logo\/image\/","url":"https:\/\/lavita-lab.com\/wp-content\/uploads\/2026\/04\/lavita-lab-organization-logo.png","contentUrl":"https:\/\/lavita-lab.com\/wp-content\/uploads\/2026\/04\/lavita-lab-organization-logo.png","width":512,"height":512,"caption":"LaVita Lab"},"image":{"@id":"https:\/\/lavita-lab.com\/sl#\/schema\/logo\/image\/"}}]}},"_links":{"self":[{"href":"https:\/\/lavita-lab.com\/sl\/wp-json\/wp\/v2\/pages\/1866","targetHints":{"allow":["GET"]}}],"collection":[{"href":"https:\/\/lavita-lab.com\/sl\/wp-json\/wp\/v2\/pages"}],"about":[{"href":"https:\/\/lavita-lab.com\/sl\/wp-json\/wp\/v2\/types\/page"}],"author":[{"embeddable":true,"href":"https:\/\/lavita-lab.com\/sl\/wp-json\/wp\/v2\/users\/1"}],"replies":[{"embeddable":true,"href":"https:\/\/lavita-lab.com\/sl\/wp-json\/wp\/v2\/comments?post=1866"}],"version-history":[{"count":1,"href":"https:\/\/lavita-lab.com\/sl\/wp-json\/wp\/v2\/pages\/1866\/revisions"}],"predecessor-version":[{"id":2158,"href":"https:\/\/lavita-lab.com\/sl\/wp-json\/wp\/v2\/pages\/1866\/revisions\/2158"}],"wp:attachment":[{"href":"https:\/\/lavita-lab.com\/sl\/wp-json\/wp\/v2\/media?parent=1866"}],"curies":[{"name":"wp","href":"https:\/\/api.w.org\/{rel}","templated":true}]}}